{"id":3,"date":"2020-07-21T21:52:28","date_gmt":"2020-07-21T21:52:28","guid":{"rendered":"https:\/\/nordwind-strategy.com\/?page_id=3"},"modified":"2023-01-14T13:28:02","modified_gmt":"2023-01-14T13:28:02","slug":"impressum","status":"publish","type":"page","link":"https:\/\/nordwind-strategy.com\/index.php\/impressum\/","title":{"rendered":"Impressum"},"content":{"rendered":"<h1>Impressum<\/h1>\n<p><strong>Diensteanbieter <\/strong><\/p>\n<p>NORDWIND Strategy &amp; Management GmbH<br \/>\nRoscherstr. 12<br \/>\nD-30161 Hannover<\/p>\n<p>Germany<br \/>\nTel. 0511 543 680 \u2013 0<br \/>\nnwmgt [ @ ] nordwind \u2013 group .com<\/p>\n<p>Registergericht: Hannover<br \/>\nHRB 205225<br \/>\nVertreten durch den Gesch\u00e4ftsf\u00fchrer: Michael Jablanovszky<br \/>\nUSt-Nr.:\u00a0DE253221667<\/p>\n<p><strong>Verantwortlich f\u00fcr alle journalistisch-redaktionellen Inhalte (\u00a7 55 Abs. 2 RStV ):<\/strong><\/p>\n<p>Herr\u00a0Michael Jablanovszky<\/p>\n<p>zu erreichen \u00fcber:<\/p>\n<p>NORDWIND Strategy &amp; Management GmbH<br \/>\nRoscherstr. 12<br \/>\nD-30161 Hannover<\/p>\n<h2>NUTZUNGSBEDINGUNGEN \/ DISCLAIMER<\/h2>\n<ol>\n<li>Der Besuch unseres Internetauftritts\u00a0<em>de<\/em>(im Folgenden kurz: Website) unterliegt den nachfolgenden Nutzungsbedingungen, die im Verh\u00e4ltnis zwischen Nutzer und der NORDWIND Strategy &amp; Management GmbH als Diensteanbieter mit dem Aufruf dieser Website verbindlich vereinbart sind. Soweit spezielle Bedingungen f\u00fcr einzelne Nutzungen dieser Website von den nachfolgenden Nutzungsbedingungen abweichen, wird in der Website an entsprechender Stelle ausdr\u00fccklich darauf hingewiesen; in diesem Fall gelten im jeweiligen Einzelfall erg\u00e4nzend die besonderen Nutzungsbedingungen.<\/li>\n<li>Unser Internetauftritt enth\u00e4lt Angaben, die marken- und\/oder urheberrechtlich zu unseren Gunsten oder im Einzelfall auch zugunsten Dritter gesch\u00fctzt sind. In der Regel liegen die Urheberrechte (\u201ecopyright\u201c) bei uns.<\/li>\n<\/ol>\n<p>Es ist daher nicht gestattet, die Website im Ganzen oder einzelne Teile davon herunterzuladen, zu vervielf\u00e4ltigen, zu verbreiten oder \u00f6ffentlich zug\u00e4nglich zu machen. Gestattet sind allerdings die technisch bedingte Vervielf\u00e4ltigung im Rahmen eines Besuchs unserer Website, soweit diese Handlung keinen wirtschaftlichen Zwecken dient, sowie die dauerhafte Vervielf\u00e4ltigung f\u00fcr den eigenen Gebrauch.<\/p>\n<ol start=\"3\">\n<li>Wir behalten uns vor, die Website ganz oder in Teilen einzustellen oder zu \u00e4ndern.<\/li>\n<li>Es ist gestattet, einen Link auf diese Website zu setzen, soweit er allein der Querreferenz dient. Wir behalten uns allerdings das Recht vor, die Gestattung zu widerrufen. Ein Framen unserer Website ist dagegen nicht gestattet.<\/li>\n<li>Wir \u00fcbernehmen die Haftung f\u00fcr die Inhalte unserer Website gem\u00e4\u00df den gesetzlichen Bestimmungen. Eine Gew\u00e4hr f\u00fcr Richtigkeit und Vollst\u00e4ndigkeit der auf der Website befindlichen Information wird allerdings nicht \u00fcbernommen.<\/li>\n<\/ol>\n<p>Verweise und Links auf Websites Dritter bedeuten nicht, dass wir uns die hinter dem Verweis oder Link liegenden Inhalte zu Eigen machen. Wir \u00fcbernehmen f\u00fcr solche Inhalte auf Seiten Dritter keine Verantwortung, wir haben keinen Einfluss auf die hinter dem Link liegenden Inhalte. F\u00fcr rechtswidrige, fehlerhafte oder unvollst\u00e4ndige Inhalte und f\u00fcr Sch\u00e4den, die aufgrund der Nutzung von einem hinter dem Link liegenden Inhalt verursacht worden sind, haften wir daher nicht.<\/p>\n<ol start=\"6\">\n<li>Wir behalten uns das Recht vor, diese Nutzungsbedingungen von Zeit zu Zeit zu modifizieren und sie der technischen sowie rechtlichen Entwicklung anzupassen. Der Nutzer wird auf die Ver\u00e4nderung gesondert hingewiesen.<\/li>\n<li>Im Falle der Unwirksamkeit einzelner Regelungen dieser Nutzungsvereinbarung bleibt die Wirksamkeit im \u00dcbrigen unber\u00fchrt.<\/li>\n<li>Gerichtsstand ist, wenn der Vertragspartner Kaufmann, juristische Person des \u00f6ffentlichen Rechts oder \u00f6ffentlich-rechtliches Sonderverm\u00f6gen ist, am Sitz des Diensteanbieters. Es gilt deutsches Recht unter Ausschluss des UN-Kaufrechts.<\/li>\n<\/ol>\n<p>&nbsp;<\/p>\n<h2>DATENSCHUTZERKL\u00c4RUNG<\/h2>\n<ol>\n<li>GEGENSTAND DIESER DATENSCHUTZERKL\u00c4RUNG<\/li>\n<\/ol>\n<p>Wir m\u00f6chten Sie im Folgenden ausf\u00fchrlich dar\u00fcber informieren, welche Ihrer personenbezogenen Daten (im Folgenden kurz \u201eDaten\u201c) bei Ihrem Besuch unseres Internetauftritts und der Nutzung unserer dortigen Angebote erhoben und wie diese von uns im Folgenden verarbeitet werden. Dar\u00fcber hinaus m\u00f6chten wir Sie \u00fcber die Ihnen zustehenden Rechte und die von uns getroffenen technischen und organisatorischen Schutzma\u00dfnahmen bez\u00fcglich der Verarbeitung Ihrer Daten informieren.<\/p>\n<ol start=\"2\">\n<li>NAME UND ANSCHRIFT DES F\u00dcR DIE DATENVERARBEITUNG VERANTWORTLICHEN UND DIENSTEANBIETERS<\/li>\n<\/ol>\n<p>Verantwortlicher im Sinne der Datenschutz-Grundverordnung (DSGVO) und zugleich Diensteanbieter im Sinne des Telemediengesetzes (TMG) ist die NORDWIND Strategy &amp; Management GmbH (im Folgenden auch nur kurz \u201eNWMGT\u201c oder \u201ewir\u201c), Roscherstr. 12, 30161 Hannover. Die Details entnehmen Sie bitte unserem Impressum.<\/p>\n<p>Fragen oder Anmerkungen zu dieser Datenschutzerkl\u00e4rung oder allgemein zum Datenschutz richten Sie bitten an folgende E-Mail-Adresse:\u00a0<a href=\"mailto:nwmgt@nordwind-group.com\">nwmgt@nordwind-group.com<\/a>.<\/p>\n<p>Den Datenschutzbeauftragten von NWMGT k\u00f6nnen sie wie folgt kontaktieren<\/p>\n<p>NORDWIND Strategy &amp; Management GmbH<\/p>\n<ol>\n<li>Hd. des Datenschutzbeauftragten<\/li>\n<\/ol>\n<p>Roscherstr. 12, 30161 Hannover<\/p>\n<p>Oder per Email \u00fcber: <a href=\"mailto:datenschutz@nordwind-group.de\">datenschutz@nordwind-group.de<\/a><\/p>\n<ol start=\"3\">\n<li>ERHEBUNG UND VERWENDUNG IHRER DATEN<\/li>\n<\/ol>\n<p>F\u00fcr die Nutzung unseres Internetauftritts ist es grunds\u00e4tzlich nicht erforderlich, dass Sie personenbezogene Daten angeben.<\/p>\n<p>Vielmehr erheben und verwenden wir in diesem Fall nur diejenigen Ihrer Daten, die uns Ihr Internetbrowser automatisch \u00fcbermittelt. Dies sind insbesondere die folgenden:<\/p>\n<ul>\n<li>Datum und Uhrzeit des Abrufs einer unserer Internetseiten<\/li>\n<li>Ihren Browsertyp<\/li>\n<li>die Browser-Einstellungen<\/li>\n<li>die Bildschirm-Aufl\u00f6sung<\/li>\n<li>das verwendete Betriebssystem<\/li>\n<li>die von Ihnen zuletzt besuchte Seite<\/li>\n<li>die \u00fcbertragene Datenmenge und der Zugriffsstatus (Datei \u00fcbertragen, Datei nicht gefunden etc.) sowie<\/li>\n<li>Ihre IP-Adresse.<\/li>\n<\/ul>\n<p>Vorgenannte Daten erheben und verwenden wir bei einem informatorischen Besuch, um Ihnen die Nutzung der von Ihnen abgerufenen Internetseiten \u00fcberhaupt zu erm\u00f6glichen und um kontrollieren zu k\u00f6nnen, ob Ihnen unsere Webseiten optimal angezeigt werden. In nicht-personenbezogener Form verwenden wir diese Daten auch zu statistischen Zwecken sowie zur Verbesserung unseres Internetangebots. Die IP-Adresse speichern wir nur f\u00fcr die Dauer Ihres Besuchs, eine personenbezogene Auswertung findet nicht statt.<\/p>\n<p>Die Verarbeitung erfolgt auf der Rechtsgrundlage des Art. 6 Abs. 1 f) DSGVO und in unserem Interesse, um Ihnen unsere Webseite zuverl\u00e4ssig und m\u00f6glichst st\u00f6rungsfrei anzeigen zu k\u00f6nnen.<\/p>\n<p>&nbsp;<\/p>\n<ol start=\"4\">\n<li>KONTAKT MIT NWMGT<\/li>\n<\/ol>\n<p>Wenn Sie uns \u00fcber eine der auf unserer Webseite angegebenen Kontaktm\u00f6glichkeiten eine Anfrage zusenden, verarbeiten wir die von Ihnen in Ihrer Anfrage angegebenen Daten, insb. Ihren Namen, Ihre Adresse oder E-Mail-Adresse sowie den Inhalt Ihrer Anfrage, um Ihre Kontaktanfrage beantworten zu k\u00f6nnen.<\/p>\n<p>Soweit sich Ihre Anfrage auf ein bestehendes Vertragsverh\u00e4ltnis mit Ihnen bezieht oder Sie an einem Vertragsabschluss interessiert sind, erfolgt die Datenverarbeitung auf der Rechtsgrundlage des Art. 6 Abs. 1 b) DSGVO (Vertragserf\u00fcllung).<\/p>\n<p>Andernfalls erfolgt die Datenverarbeitung auf der Rechtsgrundlage des Art. 6 Abs. 1 f) DSGVO (Interessenabw\u00e4gung) und in unserem Interesse, um Ihre Anfrage mit den f\u00fcr Sie relevanten Informationen beantworten zu k\u00f6nnen.<\/p>\n<p>Die bei einer eingehenden Anfrage erfassten Daten und die Kommunikation zur Beantwortung Ihrer Anfrage speichern wir bis zur Erledigung Ihrer Anfrage.<\/p>\n<p>&nbsp;<\/p>\n<ol start=\"5\">\n<li>EINSATZ VON COOKIES<\/li>\n<li><strong>a) Welche Cookies setzen wir ein?<\/strong><\/li>\n<\/ol>\n<p>F\u00fcr unseren Internetauftritt nutzen wir die Technik der Cookies. Cookies sind kleine Textdateien, die im Rahmen Ihres Besuchs unserer Internetseiten von unserem Webserver an Ihren Browser gesandt und von diesem auf Ihrem Rechner, Tablet-Computer oder Smartphone f\u00fcr einen sp\u00e4teren Abruf vorgehalten werden.<\/p>\n<p>Auf unseren Webseiten verwenden wir folgende Cookies:<\/p>\n<p>Cookies-Nutzung f\u00fcr Personio<\/p>\n<p>[JSESSIONID] Funktion: Dieses Cookie ist Bestandteil von Personios Auflistung der Stellenanzeigen und wird zur statistischen Auswertung des Nutzerverhaltens auf unseren Webseiten verwendet. Mit Hilfe dieses Cookies wird festgestellt, wie oft eine Person unsere Website besucht hat. Es enth\u00e4lt typischerweise individuelle Identifikationsnummern und wird f\u00fcr zwei Jahre gespeichert. Das Cookie ist ein sog. Drittanbieter-Cookie, welches nicht von unserer Webseite aus gesteuert wird.<\/p>\n<ol>\n<li><strong>b) Deaktivieren von Cookies<\/strong><\/li>\n<\/ol>\n<p>Ob Cookies gesetzt und abgerufen werden k\u00f6nnen, k\u00f6nnen Sie durch die Einstellungen in Ihrem Browser selbst bestimmen. Sie k\u00f6nnen in Ihrem Browser etwa das Speichern von Cookies g\u00e4nzlich deaktivieren, es auf bestimmte Webseiten beschr\u00e4nken oder Ihren Browser so konfigurieren, dass er Sie automatisch benachrichtigt, sobald ein Cookie gesetzt werden soll und Sie um R\u00fcckmeldung dazu bittet. Sie k\u00f6nnen einzelne Cookies blockieren oder l\u00f6schen. Dies kann aus technischen Gr\u00fcnden jedoch dazu f\u00fchren, dass einige Funktionen unseres Internetauftritts beeintr\u00e4chtigt werden und nicht mehr vollst\u00e4ndig funktionieren.<\/p>\n<p>&nbsp;<\/p>\n<ol start=\"6\">\n<li>EINSATZ VON ADOBE FONT<\/li>\n<\/ol>\n<p>Wir verwenden auf unserer Webseite zur einheitlichen Darstellung bestimmter Schriftarten sogenannte Web Fonts von Adobe Typekit. Dieser als \u201eAdobe Fonts\u201c bezeichnete Dienst wird von der Adobe Systems Incorporated, 345 Park Avenue, San Jose, CA 95110-2704, USA (im Folgenden kurz: \u201eAdobe\u201c) bereitgestellt.<\/p>\n<p>Beim Aufruf unserer Seiten l\u00e4dt Dein Browser die ben\u00f6tigten Schriftarten direkt von Adobe, um sie Deinem Endger\u00e4t korrekt anzeigen zu k\u00f6nnen. Dabei stellt Dein Browser eine Verbindung zu den Servern von Adobe in den USA her. Hierdurch erlangt Adobe Kenntnis dar\u00fcber, dass \u00fcber Deine IP-Adresse unsere Website aufgerufen wurde. Zudem werden die unter Ziffer 3 a) dieser Erkl\u00e4rung genannten Daten an Adobe \u00fcbermittelt.<\/p>\n<p>Adobe nutzt diese Daten, um den Dienst \u201eAdobe Fonts\u201c bereitzustellen und Liefer- oder Download-Probleme zu diagnostizieren. Die Daten werden auch genutzt, um Adobes Vertr\u00e4ge mit den Schriftenherstellern, deren Schriften verwendet werden, zu bezahlen und zu erf\u00fcllen.<\/p>\n<p>Weitere Informationen zu Zweck und Umfang der Datenerhebung und ihrer Verarbeitung durch Adobe erh\u00e4ltst Du in der Datenschutzerkl\u00e4rung von Adobe:<br \/>\n<a href=\"https:\/\/www.adobe.com\/de\/privacy\/policy.html\">https:\/\/www.adobe.com\/de\/privacy\/policy.html<\/a><\/p>\n<p>Erg\u00e4nzende Informationen speziell zu Adobe Fonts findest Du hier:<br \/>\n<a href=\"https:\/\/www.adobe.com\/de\/privacy\/policies\/adobe-fonts.html\">https:\/\/www.adobe.com\/de\/privacy\/policies\/adobe-fonts.html<\/a><\/p>\n<p>Adobe verf\u00fcgt \u00fcber eine sog. EU-U.S. Privacy Shield Zertifizierung. Bei dem EU-U.S. Privacy Shield Abkommen handelt es sich um ein Datenschutzabkommen, das f\u00fcr Daten\u00fcbermittlungen an zertifizierte U.S.-Unternehmen ein angemessenes Datenschutzniveau sicherstellen soll. Die EU-Kommission hat die Angemessenheit des zugesicherten Datenschutzniveaus nach dem EU-U.S. Privacy Shield Abkommen mit Beschluss vom 12.07.2016 (Az. C(2016) 4176) festgestellt.<\/p>\n<p>Den Beschluss der EU-Kommission kannst Du hier einsehen:\u00a0<a href=\"http:\/\/eur-lex.europa.eu\/legal-content\/DE\/TXT\/?uri=uriserv:OJ.L_.2016.207.01.0001.01.DEU\">https:\/\/eur-lex.europa.eu\/legal-content\/DE\/TXT\/?uri=uriserv:OJ.L_.2016.207.01.0001.01.DEU<\/a>.<\/p>\n<p>Den aktuellen Stand der Zertifizierung von Adobe nach dem EU-U.S. Privacy Shield Abkommen findest Du hier:\u00a0<a href=\"https:\/\/www.privacyshield.gov\/participant?id=a2zt0000000TNo9AAG\">https:\/\/www.privacyshield.gov\/participant?id=a2zt0000000TNo9AAG<\/a><\/p>\n<p>Die Verarbeitung Deiner Daten erfolgt auf der Rechtsgrundlage des Art. 6 Abs. 1 S. 1 f) DSGVO (Interessenabw\u00e4gung) und in unserem Interesse, um die von Adobe Fonts angebotenen Schriftarten auf unserer Webseite verwenden zu k\u00f6nnen.<\/p>\n<p>&nbsp;<\/p>\n<ol start=\"7\">\n<li>EINSCHALTUNG VON DIENSTLEISTERN UND DATENWEITERGABE AN DRITTE<\/li>\n<\/ol>\n<p>Ihre Daten werden zur Bereitstellung dieser Webseite und zu den vorgenannten Zwecken ggf. an uns unterst\u00fctzende technische Dienstleister (z.B. Webseitenhosting und \u2013betreuung, Content Delivery Netzwerke) weitergegeben, die wir selbstverst\u00e4ndlich sorgf\u00e4ltig ausgew\u00e4hlt und schriftlich beauftragt haben.<\/p>\n<p>Diese Dienstleister sind an unsere Weisungen gebunden und werden von uns regelm\u00e4\u00dfig kontrolliert.<\/p>\n<p>Die Weitergabe Ihrer Daten an andere Dritte erfolgt ansonsten nur, soweit in dieser Datenschutzerkl\u00e4rung ausdr\u00fccklich darauf hingewiesen wird oder wir dazu gesetzlich verpflichtet sind.<\/p>\n<p>&nbsp;<\/p>\n<ol start=\"8\">\n<li>IHRE RECHTE<\/li>\n<\/ol>\n<p>Sie haben das Recht, von uns eine Best\u00e4tigung dar\u00fcber zu verlangen, ob Sie betreffende personenbezogene Daten verarbeitet werden; ist dies der Fall, so haben Sie ein\u00a0<strong>Recht auf Auskunft<\/strong>\u00a0\u00fcber diese personenbezogenen Daten und die in Art. 15 DSGVO im einzelnen aufgef\u00fchrten Informationen.<\/p>\n<p>Sie haben das Recht, von uns unverz\u00fcglich die\u00a0<strong>Berichtigung<\/strong>\u00a0Sie betreffender unrichtiger personenbezogener Daten und ggf. die\u00a0<strong>Vervollst\u00e4ndigung<\/strong>\u00a0unvollst\u00e4ndiger personenbezogener Daten zu verlangen (Art. 16 DSGVO).<\/p>\n<p>Sie haben das Recht, von uns zu verlangen, dass Sie betreffende personenbezogene Daten unverz\u00fcglich gel\u00f6scht werden, sofern einer der in Art. 17 DSGVO im einzelnen aufgef\u00fchrten Gr\u00fcnde zutrifft, z.B. wenn die Daten f\u00fcr die verfolgten Zwecke nicht mehr ben\u00f6tigt werden (<strong>Recht auf L\u00f6schung<\/strong>).<\/p>\n<p>Sie haben das Recht, von uns die\u00a0<strong>Einschr\u00e4nkung der Verarbeitung<\/strong>\u00a0zu verlangen, wenn eine der in Art. 18 DSGVO aufgef\u00fchrten Voraussetzungen gegeben ist, z.B. wenn Sie Widerspruch gegen die Verarbeitung eingelegt haben, f\u00fcr die Dauer der Pr\u00fcfung durch uns.<\/p>\n<p>Sie haben das Recht, aus Gr\u00fcnden, die sich aus ihrer besonderen Situation ergeben, jederzeit gegen Verarbeitungen Sie betreffender personenbezogener Daten, die aufgrund von Art. 6 Abs.\u00a01 e) oder f) DSGVO oder zu Zwecken der Direktwerbung erfolgen,\u00a0<strong>Widerspruch<\/strong>\u00a0einzulegen (Art. 21 DSGVO), siehe hierzu ausf\u00fchrlich unten.<\/p>\n<p>Sie haben das Recht, die Sie betreffenden Daten, die Sie uns bereitgestellt haben, in einem strukturierten, g\u00e4ngigen und maschinenlesbaren Format von uns zu erhalten. Sie k\u00f6nnen diese Daten auch an andere Stellen \u00fcbermitteln oder durch uns \u00fcbermitteln lassen (<strong>Recht auf Daten\u00fcbertragbarkeit<\/strong>).<\/p>\n<p>Bitte wenden Sie sich zur Aus\u00fcbung Ihrer Rechte an:\u00a0<a href=\"mailto:nwmgt@nordwind-group.com\">nwmgt@nordwind-group.com<\/a>.<\/p>\n<p>Sie haben unbeschadet eines anderweitigen verwaltungsrechtlichen oder gerichtlichen Rechtsbehelfs das\u00a0<strong>Recht auf Beschwerde bei einer Aufsichtsbeh\u00f6rde<\/strong>, wenn Sie der Ansicht sind, dass die Verarbeitung der Sie betreffenden personenbezogenen Daten gegen die DSGVO verst\u00f6\u00dft (Art. 77 DSGVO). In Niedersachsen ist die zust\u00e4ndige Aufsichtsbeh\u00f6rde: Landesbeauftragte f\u00fcr den Datenschutz Niedersachsen, Prinzenstra\u00dfe 5, 30159 Hannover, www.lfd.niedersachsen.de<\/p>\n<p>&nbsp;<\/p>\n<ol start=\"9\">\n<li>DATENSICHERHEIT<\/li>\n<\/ol>\n<p>Wir setzen zudem technische und organisatorische Sicherheitsma\u00dfnahmen ein, um anfallende oder erhobene personenbezogene Daten zu sch\u00fctzen, insb. gegen zuf\u00e4llige oder vors\u00e4tzliche Manipulation, Verlust, Zerst\u00f6rung oder gegen den Angriff unberechtigter Personen. Unsere Sicherheitsma\u00dfnahmen werden entsprechend der technologischen Entwicklung fortlaufend verbessert.<\/p>\n<p>Bei der Nutzung unserer Webseite werden Ihre personenbezogenen Daten per SSL\/TLS-Technik verschl\u00fcsselt, um Zugriffe unberechtigter Dritter zu verhindern.<\/p>\n<p>&nbsp;<\/p>\n<p>September 2020<\/p>\n<p>NORDWIND Strategy &amp; Management GmbH<\/p>\n<p>&nbsp;<\/p>\n<p>&nbsp;<\/p>\n<p>HINWEIS ZUM WIDERSPRUCHSRECHT:<\/p>\n<p>Sie haben das Recht, aus Gr\u00fcnden, die sich aus ihrer besonderen Situation ergeben, jederzeit gegen Verarbeitungen Sie betreffender personenbezogener Daten, die aufgrund von Art. 6 Abs.\u00a01 e) oder f) DSGVO oder zu Zwecken der Direktwerbung erfolgen,\u00a0<strong>Widerspruch<\/strong>\u00a0einzulegen (Art. 21 DSGVO).<\/p>\n<p>Wir verarbeiten die personenbezogenen Daten dann nicht mehr, es sei denn, wir k\u00f6nnen zwingende schutzw\u00fcrdige Gr\u00fcnde f\u00fcr die Verarbeitung nachweisen, die Ihre Interessen, Rechte und Freiheiten \u00fcberwiegen, oder die Verarbeitung dient der Geltendmachung, Aus\u00fcbung oder Verteidigung von Rechtsanspr\u00fcchen.<\/p>\n<p>&nbsp;<\/p>\n<p>September 2020<\/p>\n<p>NORDWIND Strategy &amp; Management GmbH<\/p>\n<p>&nbsp;<\/p>\n","protected":false},"excerpt":{"rendered":"<p>Impressum Diensteanbieter NORDWIND Strategy &amp; Management GmbH Roscherstr. 12 D-30161 [&hellip;]<\/p>\n","protected":false},"author":1,"featured_media":0,"parent":0,"menu_order":0,"comment_status":"closed","ping_status":"open","template":"","meta":[],"yoast_head":"<!-- This site is optimized with the Yoast SEO plugin v19.14 - https:\/\/yoast.com\/wordpress\/plugins\/seo\/ -->\n<title>Impressum - NORDWIND Strategy<\/title>\n<meta name=\"robots\" content=\"index, follow, max-snippet:-1, max-image-preview:large, max-video-preview:-1\" \/>\n<link rel=\"canonical\" href=\"https:\/\/nordwind-strategy.com\/index.php\/impressum\/\" \/>\n<meta property=\"og:locale\" content=\"de_DE\" \/>\n<meta property=\"og:type\" content=\"article\" \/>\n<meta property=\"og:title\" content=\"Impressum - NORDWIND Strategy\" \/>\n<meta property=\"og:description\" content=\"Impressum Diensteanbieter NORDWIND Strategy &amp; Management GmbH Roscherstr. 12 D-30161 [&hellip;]\" \/>\n<meta property=\"og:url\" content=\"https:\/\/nordwind-strategy.com\/index.php\/impressum\/\" \/>\n<meta property=\"og:site_name\" content=\"NORDWIND Strategy\" \/>\n<meta property=\"article:modified_time\" content=\"2023-01-14T13:28:02+00:00\" \/>\n<meta name=\"twitter:card\" content=\"summary_large_image\" \/>\n<meta name=\"twitter:label1\" content=\"Gesch\u00e4tzte Lesezeit\" \/>\n\t<meta name=\"twitter:data1\" content=\"11\u00a0Minuten\" \/>\n<script type=\"application\/ld+json\" class=\"yoast-schema-graph\">{\"@context\":\"https:\/\/schema.org\",\"@graph\":[{\"@type\":\"WebPage\",\"@id\":\"https:\/\/nordwind-strategy.com\/index.php\/impressum\/\",\"url\":\"https:\/\/nordwind-strategy.com\/index.php\/impressum\/\",\"name\":\"Impressum - NORDWIND Strategy\",\"isPartOf\":{\"@id\":\"https:\/\/nordwind-strategy.com\/#website\"},\"datePublished\":\"2020-07-21T21:52:28+00:00\",\"dateModified\":\"2023-01-14T13:28:02+00:00\",\"breadcrumb\":{\"@id\":\"https:\/\/nordwind-strategy.com\/index.php\/impressum\/#breadcrumb\"},\"inLanguage\":\"de\",\"potentialAction\":[{\"@type\":\"ReadAction\",\"target\":[\"https:\/\/nordwind-strategy.com\/index.php\/impressum\/\"]}]},{\"@type\":\"BreadcrumbList\",\"@id\":\"https:\/\/nordwind-strategy.com\/index.php\/impressum\/#breadcrumb\",\"itemListElement\":[{\"@type\":\"ListItem\",\"position\":1,\"name\":\"Home\",\"item\":\"https:\/\/nordwind-strategy.com\/\"},{\"@type\":\"ListItem\",\"position\":2,\"name\":\"Impressum\"}]},{\"@type\":\"WebSite\",\"@id\":\"https:\/\/nordwind-strategy.com\/#website\",\"url\":\"https:\/\/nordwind-strategy.com\/\",\"name\":\"NORDWIND Strategy\",\"description\":\"Just another WordPress site\",\"potentialAction\":[{\"@type\":\"SearchAction\",\"target\":{\"@type\":\"EntryPoint\",\"urlTemplate\":\"https:\/\/nordwind-strategy.com\/?s={search_term_string}\"},\"query-input\":\"required name=search_term_string\"}],\"inLanguage\":\"de\"}]}<\/script>\n<!-- \/ Yoast SEO plugin. -->","yoast_head_json":{"title":"Impressum - NORDWIND Strategy","robots":{"index":"index","follow":"follow","max-snippet":"max-snippet:-1","max-image-preview":"max-image-preview:large","max-video-preview":"max-video-preview:-1"},"canonical":"https:\/\/nordwind-strategy.com\/index.php\/impressum\/","og_locale":"de_DE","og_type":"article","og_title":"Impressum - NORDWIND Strategy","og_description":"Impressum Diensteanbieter NORDWIND Strategy &amp; Management GmbH Roscherstr. 12 D-30161 [&hellip;]","og_url":"https:\/\/nordwind-strategy.com\/index.php\/impressum\/","og_site_name":"NORDWIND Strategy","article_modified_time":"2023-01-14T13:28:02+00:00","twitter_card":"summary_large_image","twitter_misc":{"Gesch\u00e4tzte Lesezeit":"11\u00a0Minuten"},"schema":{"@context":"https:\/\/schema.org","@graph":[{"@type":"WebPage","@id":"https:\/\/nordwind-strategy.com\/index.php\/impressum\/","url":"https:\/\/nordwind-strategy.com\/index.php\/impressum\/","name":"Impressum - NORDWIND Strategy","isPartOf":{"@id":"https:\/\/nordwind-strategy.com\/#website"},"datePublished":"2020-07-21T21:52:28+00:00","dateModified":"2023-01-14T13:28:02+00:00","breadcrumb":{"@id":"https:\/\/nordwind-strategy.com\/index.php\/impressum\/#breadcrumb"},"inLanguage":"de","potentialAction":[{"@type":"ReadAction","target":["https:\/\/nordwind-strategy.com\/index.php\/impressum\/"]}]},{"@type":"BreadcrumbList","@id":"https:\/\/nordwind-strategy.com\/index.php\/impressum\/#breadcrumb","itemListElement":[{"@type":"ListItem","position":1,"name":"Home","item":"https:\/\/nordwind-strategy.com\/"},{"@type":"ListItem","position":2,"name":"Impressum"}]},{"@type":"WebSite","@id":"https:\/\/nordwind-strategy.com\/#website","url":"https:\/\/nordwind-strategy.com\/","name":"NORDWIND Strategy","description":"Just another WordPress site","potentialAction":[{"@type":"SearchAction","target":{"@type":"EntryPoint","urlTemplate":"https:\/\/nordwind-strategy.com\/?s={search_term_string}"},"query-input":"required name=search_term_string"}],"inLanguage":"de"}]}},"_links":{"self":[{"href":"https:\/\/nordwind-strategy.com\/index.php\/wp-json\/wp\/v2\/pages\/3"}],"collection":[{"href":"https:\/\/nordwind-strategy.com\/index.php\/wp-json\/wp\/v2\/pages"}],"about":[{"href":"https:\/\/nordwind-strategy.com\/index.php\/wp-json\/wp\/v2\/types\/page"}],"author":[{"embeddable":true,"href":"https:\/\/nordwind-strategy.com\/index.php\/wp-json\/wp\/v2\/users\/1"}],"replies":[{"embeddable":true,"href":"https:\/\/nordwind-strategy.com\/index.php\/wp-json\/wp\/v2\/comments?post=3"}],"version-history":[{"count":6,"href":"https:\/\/nordwind-strategy.com\/index.php\/wp-json\/wp\/v2\/pages\/3\/revisions"}],"predecessor-version":[{"id":417,"href":"https:\/\/nordwind-strategy.com\/index.php\/wp-json\/wp\/v2\/pages\/3\/revisions\/417"}],"wp:attachment":[{"href":"https:\/\/nordwind-strategy.com\/index.php\/wp-json\/wp\/v2\/media?parent=3"}],"curies":[{"name":"wp","href":"https:\/\/api.w.org\/{rel}","templated":true}]}}